{"id":39,"date":"2023-03-22T11:47:25","date_gmt":"2023-03-22T10:47:25","guid":{"rendered":"https:\/\/cgtgroupecasino.com\/?page_id=39"},"modified":"2023-05-17T14:40:58","modified_gmt":"2023-05-17T12:40:58","slug":"ag2r","status":"publish","type":"page","link":"https:\/\/cgtgroupecasino.com\/index.php\/retraite-mutuelle\/ag2r\/","title":{"rendered":"Ag2r"},"content":{"rendered":"\n<p>AG2R La Mondiale peut intervenir dans le cadre de l&rsquo;action sociale. Cette demande d&rsquo;aide financi\u00e8re aupr\u00e8s d&rsquo;AG2R se cumule,&nbsp;en plus du fond social de MIEL.<br>Les dossiers doivent \u00eatre envoy\u00e9s \u00e0 :&nbsp;<strong>AG2R LA MONDIALE :&nbsp;54, rue Servient,&nbsp;69408 LYON CEDEX 03<\/strong><br>Tel&nbsp;: 09.74.501.234)<\/p>\n\n\n\n<p><strong><a href=\"https:\/\/cgtgroupecasino.com\/wp-content\/uploads\/2023\/03\/action-sociale-ag2r.pdf\" data-type=\"URL\" data-id=\"https:\/\/cgtgroupecasino.com\/wp-content\/uploads\/2023\/03\/action-sociale-ag2r.pdf\">Action sociale Ag2r<\/a><\/strong><\/p>\n\n\n\n<p>voici la demande d&rsquo;intervention sociale \u00e0 remplir en cas de demande<br><strong><a href=\"https:\/\/cgtgroupecasino.com\/wp-content\/uploads\/2023\/03\/Demande-intervention-sociale-format-PDF-impression-papier-JUIN-2007.pdf\" data-type=\"URL\" data-id=\"https:\/\/cgtgroupecasino.com\/wp-content\/uploads\/2023\/03\/Demande-intervention-sociale-format-PDF-impression-papier-JUIN-2007.pdf\">Demande d&rsquo;intervention sociale format PDF impression papier juin 2007<\/a><\/strong><\/p>\n\n\n\n<p>Mais aussi la liste des justificatifs \u00e0 fournir<br><strong><a href=\"https:\/\/cgtgroupecasino.com\/wp-content\/uploads\/2023\/03\/Liste-pieces-justificatives-sante.pdf\">Liste pi\u00e8ces justificatives sant\u00e9<\/a><\/strong><\/p>\n\n\n\n<p>Voici la notice d&rsquo;information Garanties d\u00e9c\u00e8s et arr\u00eat de travail 2015 pour le personnel DCF:<br><strong><a href=\"https:\/\/cgtgroupecasino.com\/wp-content\/uploads\/2023\/03\/Notice_Employes1.pdf\">Notice employ\u00e9s<\/a><\/strong><br><a href=\"https:\/\/cgtgroupecasino.com\/wp-content\/uploads\/2023\/03\/Notice_AgentsMaitrise1.pdf\" data-type=\"URL\" data-id=\"https:\/\/cgtgroupecasino.com\/wp-content\/uploads\/2023\/03\/Notice_AgentsMaitrise1.pdf\"><strong>Notice agents de maitrise<\/strong><\/a><br><strong><a href=\"https:\/\/cgtgroupecasino.com\/wp-content\/uploads\/2023\/03\/Notice_Cadres1.pdf\" data-type=\"URL\" data-id=\"https:\/\/cgtgroupecasino.com\/wp-content\/uploads\/2023\/03\/Notice_Cadres1.pdf\">Notice cadres<\/a><\/strong><\/p>\n\n\n\n<p><strong><a href=\"https:\/\/cgtgroupecasino.com\/wp-content\/uploads\/2023\/05\/02.4-Eclairage-revalorisation-rentes.pdf\">Eclairage revalorisation des rentes de la pr\u00e9voyance<\/a><\/strong><\/p>\n\n\n\n<p>GUIDE RETRAITE COMPL\u00c9MENTAIRE AGIRC ET ARRCO : <\/p>\n\n\n\n<ul class=\"wp-block-list\">\n<li><strong>MATERNIT\u00c9, MALADIE ET POINTS DE RETRAITE COMPL\u00c9MENTAIRE<\/strong><\/li>\n<\/ul>\n\n\n\n<hr class=\"wp-block-separator has-text-color has-vivid-red-color has-alpha-channel-opacity has-vivid-red-background-color has-background is-style-wide\"\/>\n\n\n\n<h2 class=\"wp-block-heading has-vivid-red-color has-text-color\">Dossier compl\u00e9mentaire retraite<\/h2>\n\n\n\n<p>Petit rappel historique : pendant pr\u00e8s de 10 ans, Casino a pr\u00e9lev\u00e9 \u00e0 ses salari\u00e9s une&nbsp;partie de la cotisation compl\u00e9mentaire retraite qu&rsquo;elle devait elle-m\u00eame verser. Dans sa&nbsp;grande g\u00e9n\u00e9rosit\u00e9, la direction nous a fait \u00ab cadeau \u00bb de ce surplus de cotisation au&nbsp;lendemain de sa condamnation par le conseil des prud&rsquo;hommes de St \u00c9tienne.<br>Mais g\u00e9n\u00e9rosit\u00e9 bien organis\u00e9e commence par soi m\u00eame. Le groupe Casino le sait&nbsp;bien qui a conserv\u00e9 le trop per\u00e7u de janvier 1999 \u00e0 mars 2008 pour des dizaines de milliers&nbsp;de salari\u00e9s.<br>Depuis, la CGT n&rsquo;a eu de cesse d&rsquo;informer et d\u00e9fendre les salari\u00e9s qui souhaitent faire&nbsp;valoir leur droit \u00e0 r\u00e9cup\u00e9rer le trop per\u00e7u par leur entreprise.<br>A ce jour, 1746 salari\u00e9s ont ouverts une proc\u00e9dure sur pr\u00e8s de 70 \u00e9tablissements.<br>Nous avons 15 victoires contre 19 jugements d\u00e9favorables (715 salari\u00e9s gagnants contre&nbsp;730). La proc\u00e9dure n&rsquo;est encore arriv\u00e9 au bout d&rsquo;aucun dossier et nous attendons les&nbsp;premi\u00e8res positions de la cour de cassation pour cette fin d&rsquo;ann\u00e9e.<br>Casino qui se veut le champion du dialogue social, instaure une politique coercitive \u00e0&nbsp;l&rsquo;encontre des salari\u00e9s, par des pressions de toutes sortes, mais aussi \u00e0 l&rsquo;encontre des&nbsp;syndicats qui d\u00e9fendent les int\u00e9r\u00eats des salari\u00e9s. Depuis la nouvelle loi sur la repr\u00e9sentativit\u00e9<br>des syndicats, Casino a pour objectif de faire pression sur les salari\u00e9s, de leur faire peur afin&nbsp;de b\u00e2illonner leur expression.<br>En effet, en 2010, ont eu lieu les \u00e9lections professionnelles dans nombre&nbsp;d&rsquo;\u00e9tablissements du Groupe. Et depuis le d\u00e9but d&rsquo;ann\u00e9e 2009 les salari\u00e9s rejoignent la Cgt&nbsp;et se portent candidats lors des \u00e9lections DP et CE, remportent les \u00e9lections voir deviennent&nbsp;majoritaire. Aujourd&rsquo;hui, la CGT est le 2\u00e8me syndicat dans le groupe Casino.&nbsp;Casino, comme un aveu de faiblesse, utilise tous les recours possibles, ce qui va&nbsp;jusqu&rsquo;\u00e0 engendrer des frais de justice parfois sup\u00e9rieurs aux sommes r\u00e9clam\u00e9es par les&nbsp;salari\u00e9s. Cette m\u00eame entreprise qui peine \u00e0 augmenter nos salaires semble avoir les&nbsp;ressources financi\u00e8res pour essayer de faire taire les justes pr\u00e9tentions de ses employ\u00e9s.<br>A la CGT nous avons nos convictions, de l&rsquo;opini\u00e2tret\u00e9 et le soutien de plus en plus&nbsp;important des salari\u00e9s qui ne supportent plus cette logique d&rsquo;entreprise qui bafouent leur&nbsp;dignit\u00e9 et leurs conditions de vie et de travail.<\/p>\n\n\n\n<p>Tableau recensement des magasin qui sont all\u00e9 au tribunal pour l&rsquo;AG2R :&nbsp;<strong><a href=\"https:\/\/cgtgroupecasino.com\/wp-content\/uploads\/2023\/03\/Tableau-recensement-AG2R.pdf\" data-type=\"URL\" data-id=\"https:\/\/cgtgroupecasino.com\/wp-content\/uploads\/2023\/03\/Tableau-recensement-AG2R.pdf\">Tableau recensement AG2R<\/a><\/strong><\/p>\n\n\n\n<hr class=\"wp-block-separator has-text-color has-vivid-red-color has-alpha-channel-opacity has-vivid-red-background-color has-background is-style-wide\"\/>\n\n\n\n<h2 class=\"wp-block-heading has-vivid-red-color has-text-color\">Contact CGT<\/h2>\n\n\n\n<h6 class=\"wp-block-heading\"><br>ADMINISTRATEUR Ag2r (Si\u00e8ge Saint-Etienne) -&gt; <a href=\"http:\/\/fgully42@gmail.com\">fgully42@gmail.com<\/a><\/h6>\n\n\n\n<hr class=\"wp-block-separator has-text-color has-vivid-red-color has-alpha-channel-opacity has-vivid-red-background-color has-background is-style-wide\"\/>\n\n\n<div class=\"wp-block-image\">\n<figure class=\"aligncenter size-large is-resized\"><img loading=\"lazy\" decoding=\"async\" src=\"https:\/\/cgtgroupecasino.com\/wp-content\/uploads\/2023\/03\/Logo-AG2R-1024x392.png\" alt=\"\" class=\"wp-image-138\" width=\"287\" height=\"109\" srcset=\"https:\/\/cgtgroupecasino.com\/wp-content\/uploads\/2023\/03\/Logo-AG2R-1024x392.png 1024w, https:\/\/cgtgroupecasino.com\/wp-content\/uploads\/2023\/03\/Logo-AG2R-300x115.png 300w, https:\/\/cgtgroupecasino.com\/wp-content\/uploads\/2023\/03\/Logo-AG2R-768x294.png 768w, https:\/\/cgtgroupecasino.com\/wp-content\/uploads\/2023\/03\/Logo-AG2R-1536x587.png 1536w, https:\/\/cgtgroupecasino.com\/wp-content\/uploads\/2023\/03\/Logo-AG2R-2048x783.png 2048w\" sizes=\"auto, (max-width: 287px) 100vw, 287px\" \/><figcaption class=\"wp-element-caption\"><a href=\"https:\/\/www.ag2rlamondiale.fr\">https:\/\/www.ag2rlamondiale.fr<\/a><\/figcaption><\/figure>\n<\/div>","protected":false},"excerpt":{"rendered":"<p>AG2R La Mondiale peut intervenir dans le cadre de l&rsquo;action sociale. Cette demande d&rsquo;aide financi\u00e8re aupr\u00e8s d&rsquo;AG2R se cumule,&nbsp;en plus du fond social de MIEL.Les&hellip;<\/p>\n","protected":false},"author":1,"featured_media":0,"parent":34,"menu_order":0,"comment_status":"closed","ping_status":"closed","template":"","meta":{"footnotes":""},"class_list":["post-39","page","type-page","status-publish","hentry"],"_links":{"self":[{"href":"https:\/\/cgtgroupecasino.com\/index.php\/wp-json\/wp\/v2\/pages\/39","targetHints":{"allow":["GET"]}}],"collection":[{"href":"https:\/\/cgtgroupecasino.com\/index.php\/wp-json\/wp\/v2\/pages"}],"about":[{"href":"https:\/\/cgtgroupecasino.com\/index.php\/wp-json\/wp\/v2\/types\/page"}],"author":[{"embeddable":true,"href":"https:\/\/cgtgroupecasino.com\/index.php\/wp-json\/wp\/v2\/users\/1"}],"replies":[{"embeddable":true,"href":"https:\/\/cgtgroupecasino.com\/index.php\/wp-json\/wp\/v2\/comments?post=39"}],"version-history":[{"count":27,"href":"https:\/\/cgtgroupecasino.com\/index.php\/wp-json\/wp\/v2\/pages\/39\/revisions"}],"predecessor-version":[{"id":465,"href":"https:\/\/cgtgroupecasino.com\/index.php\/wp-json\/wp\/v2\/pages\/39\/revisions\/465"}],"up":[{"embeddable":true,"href":"https:\/\/cgtgroupecasino.com\/index.php\/wp-json\/wp\/v2\/pages\/34"}],"wp:attachment":[{"href":"https:\/\/cgtgroupecasino.com\/index.php\/wp-json\/wp\/v2\/media?parent=39"}],"curies":[{"name":"wp","href":"https:\/\/api.w.org\/{rel}","templated":true}]}}