{"id":41,"date":"2023-03-22T11:47:44","date_gmt":"2023-03-22T10:47:44","guid":{"rendered":"https:\/\/cgtgroupecasino.com\/?page_id=41"},"modified":"2023-03-22T12:37:18","modified_gmt":"2023-03-22T11:37:18","slug":"miel","status":"publish","type":"page","link":"https:\/\/cgtgroupecasino.com\/index.php\/retraite-mutuelle\/miel\/","title":{"rendered":"Miel"},"content":{"rendered":"\n<h2 class=\"has-vivid-red-color has-text-color wp-block-heading\">Mutuelle<\/h2>\n\n\n\n<p>MIEL Mutuelle est une mutuelle nationale ind\u00e9pendante sp\u00e9cialis\u00e9e en assurance et gestion de Frais de sant\u00e9 et D\u00e9pendance. Elle s&rsquo;adresse \u00e0 l&rsquo;ensemble des Particuliers, aux Travailleurs Non Salari\u00e9s et aux Entreprises de toutes tailles.&nbsp;<\/p>\n\n\n\n<p>La mise en place d&rsquo;une compl\u00e9mentaire sant\u00e9 \u00e0 titre collectif repr\u00e9sente un avantage social et fiscal tant pour l&#8217;employeur que pour le salari\u00e9.&nbsp;L&#8217;employeur peut d\u00e9duire les cotisations vers\u00e9es de son r\u00e9sultat imposable. Les cotisations sont&nbsp; \u00e9galement exon\u00e9r\u00e9es de charges sociales.&nbsp;<\/p>\n\n\n\n<p>Elles apportent un avantage significatif par rapport \u00e0 d&rsquo;autres modes de r\u00e9mun\u00e9ration:<\/p>\n\n\n\n<p>Les salari\u00e9s b\u00e9n\u00e9ficiaires du contrat collectif frais de sant\u00e9 peuvent d\u00e9duire quant \u00e0 eux les cotisations vers\u00e9es de leur revenu imposable.&nbsp;La participation patronale est exon\u00e9r\u00e9e de charges sociales (hors CSG et CRDS) et n&rsquo;est pas int\u00e9gr\u00e9e dans le revenu imposable.<\/p>\n\n\n\n<p>Les salari\u00e9s b\u00e9n\u00e9ficient d&rsquo;une protection sant\u00e9 avantageuse en mati\u00e8re de remboursements et de cotisations par rapport \u00e0 une souscription individuelle.<\/p>\n\n\n\n<p>La compl\u00e9mentaire sant\u00e9 repr\u00e9sente un avantage social \u00e9quitable et reconnu par tous. La mutualisation \u00e0 l&rsquo;ensemble des salari\u00e9s permet d&rsquo;appliquer une baisse significative des tarifs et de proposer un meilleur niveau de remboursement par rapport \u00e0 une souscription \u00e0 titre individuel. Elle permet \u00e9galement de couvrir d&rsquo;autres cat\u00e9gories de personnes telles que les retrait\u00e9s, les invalides&#8230;<\/p>\n\n\n\n<p>La participation de l&#8217;employeur est obligatoire pour l&rsquo;ensemble du personnel ou coll\u00e8ge concern\u00e9 par la mise en place du contrat collectif. M\u00eame si la r\u00e9glementation ne d\u00e9finit aucune cotisation minimum ou maximum, cette derni\u00e8re doit \u00eatre identique pour tous.<\/p>\n\n\n\n<p>Un contrat collectif compl\u00e9mentaire sant\u00e9 peut \u00eatre mis en place au sein d&rsquo;une entreprise de diff\u00e9rentes fa\u00e7ons :&nbsp;<br>&#8211; par accord collectif (d\u00e9cision prise entre les membres du comit\u00e9 d&rsquo;entreprise et la Direction<br>&#8211; par r\u00e9f\u00e9rendum<br>&#8211; par D\u00e9cision Unilat\u00e9rale de l&rsquo;Employeur (DUE)<\/p>\n\n\n\n<hr class=\"wp-block-separator has-text-color has-vivid-red-color has-alpha-channel-opacity has-vivid-red-background-color has-background is-style-wide\"\/>\n\n\n\n<h2 class=\"has-vivid-red-color has-text-color wp-block-heading\">Miel mutuelle d\u00e9marche fond social<\/h2>\n\n\n\n<p>Chaque affili\u00e9 de miel mutuelle peut b\u00e9n\u00e9ficier d&rsquo;une aide financi\u00e8re a titre exceptionnel&nbsp; dans le cadre du fond social. Cette aide concerne uniquement des frais de sant\u00e9 qui ne serez pas rembours\u00e9 (reste a charge) apr\u00e8s remboursement de la s\u00e9curit\u00e9 sociale et mutuelle.<br>Pour obtenir une aide il faut r\u00e9diger un courrier explicatif&nbsp; de votre demande adress\u00e9 \u00e0<em>&nbsp;<\/em><strong><em>Miel mutuelle 11, rue du gris de lin 42021 Saint-\u00c9tienne<\/em>.<\/strong><br>Y joindre vos devis frais de sant\u00e9, factures, justifier vos revenus et charge, dernier avis&nbsp; ou non d&rsquo;imposition sur revenus.<br>Une commission se r\u00e9unira afin d examiner votre demande, la d\u00e9cision que les membres prendrons est d\u00e9finitive et ne peut faire l&rsquo;objet d un recours un courrier r\u00e9ponse vous sera alors envoy\u00e9.<\/p>\n\n\n\n<hr class=\"wp-block-separator has-text-color has-vivid-red-color has-alpha-channel-opacity has-vivid-red-background-color has-background is-style-wide\"\/>\n\n\n\n<h2 class=\"has-vivid-red-color has-text-color wp-block-heading\">Accords<\/h2>\n\n\n\n<p><a href=\"https:\/\/cgtgroupecasino.com\/wp-content\/uploads\/2023\/03\/miel_2.pdf\"><strong>Notice miel 2018<\/strong><\/a> -&gt; salari\u00e9s- G\u00e9rants- CO-G\u00e9rants mandataires non salari\u00e9s 2018<\/p>\n\n\n\n<p><a href=\"https:\/\/cgtgroupecasino.com\/wp-content\/uploads\/2023\/03\/Conditions-G-A-S-2013.pdf\"><strong>Conditions G A S 2013<\/strong><\/a> -&gt; Conditions G\u00e9n\u00e9rale d&rsquo;Assistance sant\u00e9 2013<br><strong><a href=\"https:\/\/cgtgroupecasino.com\/wp-content\/uploads\/2023\/03\/miel_retraite_casino.pdf\">Miel retrait\u00e9 casino<\/a><\/strong> -&gt; Notice d&rsquo;information de miel mutuelle retrait\u00e9s<br><a href=\"https:\/\/cgtgroupecasino.com\/wp-content\/uploads\/2023\/03\/MIEL-actif-casino-restauration.pdf\"><strong>Miel actif casino restauration<\/strong><\/a> -&gt; Notice d&rsquo;information de miel mutuelle restauration&nbsp;2015<br><a href=\"https:\/\/cgtgroupecasino.com\/wp-content\/uploads\/2023\/03\/autorisation-prelevement-casino.pdf\"><strong>A<\/strong><\/a><strong><a href=\"https:\/\/cgtgroupecasino.com\/wp-content\/uploads\/2023\/03\/autorisation-prelevement-casino.pdf\">utorisation pr\u00e9l\u00e8vement casino<\/a><\/strong><br><a href=\"https:\/\/cgtgroupecasino.com\/wp-content\/uploads\/2023\/03\/Prevoyance-Notice-employe.pdf\"><strong>Pr\u00e9voyance notice employ\u00e9<\/strong><\/a><br><a href=\"https:\/\/cgtgroupecasino.com\/wp-content\/uploads\/2023\/03\/Prevoyance-Notice-agent-maitrise.pdf\"><strong>Pr\u00e9voyance notice agent de maitrise<\/strong><\/a><br><strong><a href=\"https:\/\/cgtgroupecasino.com\/wp-content\/uploads\/2023\/03\/Prevoyance-Notice-Mornay-pour-les-cadres.pdf\">Pr\u00e9voyance notice Mornay pour les cadres<\/a><\/strong><\/p>\n\n\n\n<p><strong>Documents Naissance, adoption, d\u00e9c\u00e8s, affiliation, ajout b\u00e9n\u00e9ficiaires<\/strong><br><strong><a href=\"https:\/\/cgtgroupecasino.com\/wp-content\/uploads\/2023\/03\/Declaration-naissance-ou-adoption-saisissable.pdf\">D\u00e9claration naissance ou adoption saisissable<\/a><\/strong><br><strong><a href=\"https:\/\/cgtgroupecasino.com\/wp-content\/uploads\/2023\/03\/Declaration-deces-saisissable.pdf\">D\u00e9claration d\u00e9ces saisissable<\/a><\/strong><br><strong><a href=\"https:\/\/cgtgroupecasino.com\/wp-content\/uploads\/2023\/03\/Bulletin-daffiliation-et-ajout-beneficiaires-saisissable.pdf\">Bulletin d&rsquo;affiliation et ajout b\u00e9neficiaires saisissable<\/a><\/strong><\/p>\n\n\n\n<hr class=\"wp-block-separator has-text-color has-vivid-red-color has-alpha-channel-opacity has-vivid-red-background-color has-background is-style-wide\"\/>\n\n\n\n<h2 class=\"has-vivid-red-color has-text-color wp-block-heading\">Contacts CGT<\/h2>\n\n\n\n<h6 class=\"wp-block-heading\">ADMINISTRATEUR Miel (G\u00e9ant Limoges) -&gt; <a href=\"mailto:b_moine@msn.com\">b_moine@msn.com<\/a><br>ADMINISTRATEUR Miel&nbsp;-&gt; <a href=\"mailto:eveperraud@hotmail.com\">eveperraud@hotmail.com<\/a><\/h6>\n\n\n\n<hr class=\"wp-block-separator has-text-color has-vivid-red-color has-alpha-channel-opacity has-vivid-red-background-color has-background is-style-wide\"\/>\n\n\n<div class=\"wp-block-image\">\n<figure class=\"aligncenter size-full\"><img loading=\"lazy\" decoding=\"async\" width=\"166\" height=\"99\" src=\"https:\/\/cgtgroupecasino.com\/wp-content\/uploads\/2023\/03\/logo-MIEL-Mutuelle.png\" alt=\"\" class=\"wp-image-109\"\/><figcaption class=\"wp-element-caption\"><a href=\"https:\/\/www.mielmut.fr\/MielMutuelle\/\">https:\/\/www.mielmut.fr\/MielMutuelle\/<\/a><\/figcaption><\/figure>\n<\/div>","protected":false},"excerpt":{"rendered":"<p>Mutuelle MIEL Mutuelle est une mutuelle nationale ind\u00e9pendante sp\u00e9cialis\u00e9e en assurance et gestion de Frais de sant\u00e9 et D\u00e9pendance. Elle s&rsquo;adresse \u00e0 l&rsquo;ensemble des Particuliers,&hellip;<\/p>\n","protected":false},"author":1,"featured_media":0,"parent":34,"menu_order":1,"comment_status":"closed","ping_status":"closed","template":"","meta":{"footnotes":""},"class_list":["post-41","page","type-page","status-publish","hentry"],"_links":{"self":[{"href":"https:\/\/cgtgroupecasino.com\/index.php\/wp-json\/wp\/v2\/pages\/41","targetHints":{"allow":["GET"]}}],"collection":[{"href":"https:\/\/cgtgroupecasino.com\/index.php\/wp-json\/wp\/v2\/pages"}],"about":[{"href":"https:\/\/cgtgroupecasino.com\/index.php\/wp-json\/wp\/v2\/types\/page"}],"author":[{"embeddable":true,"href":"https:\/\/cgtgroupecasino.com\/index.php\/wp-json\/wp\/v2\/users\/1"}],"replies":[{"embeddable":true,"href":"https:\/\/cgtgroupecasino.com\/index.php\/wp-json\/wp\/v2\/comments?post=41"}],"version-history":[{"count":29,"href":"https:\/\/cgtgroupecasino.com\/index.php\/wp-json\/wp\/v2\/pages\/41\/revisions"}],"predecessor-version":[{"id":110,"href":"https:\/\/cgtgroupecasino.com\/index.php\/wp-json\/wp\/v2\/pages\/41\/revisions\/110"}],"up":[{"embeddable":true,"href":"https:\/\/cgtgroupecasino.com\/index.php\/wp-json\/wp\/v2\/pages\/34"}],"wp:attachment":[{"href":"https:\/\/cgtgroupecasino.com\/index.php\/wp-json\/wp\/v2\/media?parent=41"}],"curies":[{"name":"wp","href":"https:\/\/api.w.org\/{rel}","templated":true}]}}