{"id":793,"date":"2024-10-02T15:55:46","date_gmt":"2024-10-02T13:55:46","guid":{"rendered":"https:\/\/cgtgroupecasino.com\/?page_id=793"},"modified":"2024-10-02T15:58:15","modified_gmt":"2024-10-02T13:58:15","slug":"salaries-repris-par-intermarche-auchan-ou-carrefour","status":"publish","type":"page","link":"https:\/\/cgtgroupecasino.com\/index.php\/salaries-repris-par-intermarche-auchan-ou-carrefour\/","title":{"rendered":"Salari\u00e9s repris par Intermarch\u00e9,Auchan ou Carrefour"},"content":{"rendered":"\n<p>Nous nous alertons sur de potentiels d\u00e9rapages concernant les dossiers d&rsquo;arr\u00eats (maladies, etc&#8230;).<\/p>\n\n\n\n<p>Avant 2020, Casino s&rsquo;\u00e9tait d\u00e9barrass\u00e9 de la gestion des dossiers aupr\u00e8s du courtier DIOT SIACI qui lui-m\u00eame renvoie la gestion \u00e0 un autre courtier gestionnaire VIVINTER&#8230;<\/p>\n\n\n\n<p>\u00b7&nbsp;&nbsp;&nbsp;&nbsp;&nbsp;&nbsp;&nbsp; Plusieurs cas nous font comprendre une m\u00e9connaissance des r\u00e8gles assurantielles&nbsp;; ainsi il faut retenir que <strong><u>c&rsquo;est la date du fait g\u00e9n\u00e9rateur du premier arr\u00eat intervenu pendant la p\u00e9riode o\u00f9 le magasin \u00e9tait encore Casino qui d\u00e9termine&nbsp; la responsabilit\u00e9 de l&rsquo;assureur<\/u><\/strong>.<br>Dans ce cas pr\u00e9cis les garanties restent attach\u00e9es au contrat historique Casino souscrit aupr\u00e8s d&rsquo;AG2R pr\u00e9voyance, <strong><u>m\u00eame si l&rsquo;invalidit\u00e9 est d\u00e9clar\u00e9e bien apr\u00e8s la reprise par une autre enseigne<\/u><\/strong>.<\/p>\n\n\n\n<p>Ceci en particulier pour le calcul des rentes d&rsquo;invalidit\u00e9s.<\/p>\n\n\n\n<p>\u00b7&nbsp;&nbsp;&nbsp;&nbsp;&nbsp;&nbsp;&nbsp; Autre point, les accords passerelles garantissent les conditions des contrats historiques Casino Sant\u00e9 et Pr\u00e9voyance pendant 15 mois.<\/p>\n\n\n\n<p>Plus particuli\u00e8rement dans le cas des reprises par Intermarch\u00e9 o\u00f9 ce sont des franchis\u00e9s de taille PME et donc la plupart du temps sans DRH de m\u00e9tier.<\/p>\n\n\n\n<p>Ces magasins ont la f\u00e2cheuse tendance \u00e0 raisonner avec leurs accords locaux moins disant et oublient qu&rsquo;ils se sont engag\u00e9s pendant 15 mois \u00e0 respecter les accords historiques Casino Sant\u00e9 et Pr\u00e9voyance \u00e0 travers ces accords passerelle.<\/p>\n\n\n\n<p>Nous vous rappelons ci-dessous l&rsquo;engagement de l&rsquo;accord Casino sur les compl\u00e9ments de salaire \u00e0 savoir:<\/p>\n\n\n\n<p><em>\u00ab\u00a0L&rsquo;indemnit\u00e9 compl\u00e9mentaire, qui est vers\u00e9e pour toutes les journ\u00e9es compl\u00e8tes d&rsquo;absence, l\u2019est dans les<\/em><\/p>\n\n\n\n<p><em>conditions suivante :<\/em><\/p>\n\n\n\n<p>o\u00a0\u00a0 <em>Pour les employ\u00e9s et les agents de ma\u00eetrise:<\/em><\/p>\n\n\n\n<p><em>&#8211; entre 1 et 10 ans d&rsquo;anciennet\u00e9 \u00a0: pendant <strong>180 jours<\/strong> calendaires,<\/em><\/p>\n\n\n\n<p><em>&#8211; entre 10 et 25 ans d&rsquo;anciennet\u00e9 : pendant <strong>360 jours<\/strong> calendaires,<\/em><\/p>\n\n\n\n<p><em>&#8211; au-del\u00e0 de 25 ans d&rsquo;anciennet\u00e9 \u00a0: pendant 5<strong>40 jours<\/strong> calendaires.<\/em><\/p>\n\n\n\n<p>o&nbsp;&nbsp; <em>Pour les cadres:<\/em><\/p>\n\n\n\n<p><em>&#8211; apr\u00e8s une ann\u00e9e d&rsquo;anciennet\u00e9 pendant <strong>540 jours<\/strong> calendaires.\u00a0\u00bb<\/em><\/p>\n\n\n\n<p>Si vous avez un quelconque doute sur le traitement de votre dossier, n&rsquo;h\u00e9sitez pas \u00e0 faire remonter en urgence vos probl\u00e9matiques \u00e0:<\/p>\n\n\n\n<p>\u00d8\u00a0 la commission RH ITM si\u00e8ge pour laquelle Casino s&rsquo;\u00e9tait engag\u00e9e \u00e0 instruire les cas litigieux constat\u00e9s apr\u00e8s cession des magasins. L&rsquo;adresse mail ci-dessous permet d&rsquo;alerter officiellement la commission:<\/p>\n\n\n\n<p><a href=\"mailto:itmai_contactcollaborateurs@mousquetaires.com\" target=\"_blank\" rel=\"noreferrer noopener\"><strong>mailto:itmai_contactcollaborateurs@mousquetaires.com<\/strong><\/a><\/p>\n\n\n\n<p>\u00d8&nbsp; &#8211; n&rsquo;oubliez-pas de nous mettre en copie, nous pourrons \u00e9galement via les voies paritaires remonter tous les cas au groupement de protection sociale.<\/p>\n\n\n\n<p><a href=\"mailto:CGT%20Groupe%20CASINO%20%3ccontact@cgtgroupecasino.com%3e\" target=\"_blank\" rel=\"noreferrer noopener\"><strong>mailto:CGT Groupe CASINO &lt;contact@cgtgroupecasino.com><\/strong><\/a><\/p>\n\n\n\n<p><\/p>\n","protected":false},"excerpt":{"rendered":"<p>Nous nous alertons sur de potentiels d\u00e9rapages concernant les dossiers d&rsquo;arr\u00eats (maladies, etc&#8230;). Avant 2020, Casino s&rsquo;\u00e9tait d\u00e9barrass\u00e9 de la gestion des dossiers aupr\u00e8s du&hellip;<\/p>\n","protected":false},"author":2,"featured_media":0,"parent":0,"menu_order":0,"comment_status":"closed","ping_status":"closed","template":"","meta":{"footnotes":""},"class_list":["post-793","page","type-page","status-publish","hentry"],"_links":{"self":[{"href":"https:\/\/cgtgroupecasino.com\/index.php\/wp-json\/wp\/v2\/pages\/793","targetHints":{"allow":["GET"]}}],"collection":[{"href":"https:\/\/cgtgroupecasino.com\/index.php\/wp-json\/wp\/v2\/pages"}],"about":[{"href":"https:\/\/cgtgroupecasino.com\/index.php\/wp-json\/wp\/v2\/types\/page"}],"author":[{"embeddable":true,"href":"https:\/\/cgtgroupecasino.com\/index.php\/wp-json\/wp\/v2\/users\/2"}],"replies":[{"embeddable":true,"href":"https:\/\/cgtgroupecasino.com\/index.php\/wp-json\/wp\/v2\/comments?post=793"}],"version-history":[{"count":3,"href":"https:\/\/cgtgroupecasino.com\/index.php\/wp-json\/wp\/v2\/pages\/793\/revisions"}],"predecessor-version":[{"id":797,"href":"https:\/\/cgtgroupecasino.com\/index.php\/wp-json\/wp\/v2\/pages\/793\/revisions\/797"}],"wp:attachment":[{"href":"https:\/\/cgtgroupecasino.com\/index.php\/wp-json\/wp\/v2\/media?parent=793"}],"curies":[{"name":"wp","href":"https:\/\/api.w.org\/{rel}","templated":true}]}}